{"id":60,"date":"2026-04-28T09:08:49","date_gmt":"2026-04-28T09:08:49","guid":{"rendered":"https:\/\/www.merylgashi.com\/de\/about\/"},"modified":"2026-04-29T14:13:48","modified_gmt":"2026-04-29T14:13:48","slug":"ueber-mich","status":"publish","type":"page","link":"https:\/\/www.merylgashi.com\/de\/ueber-mich\/","title":{"rendered":"\u00dcber mich"},"content":{"rendered":"\t\t<div data-elementor-type=\"wp-page\" data-elementor-id=\"60\" class=\"elementor elementor-60\" data-elementor-post-type=\"page\">\n\t\t\t\t<div class=\"elementor-element elementor-element-4bd80443 e-con-full e-flex e-con e-parent\" data-id=\"4bd80443\" data-element_type=\"container\" data-e-type=\"container\" data-settings=\"{&quot;background_background&quot;:&quot;classic&quot;}\">\n\t\t\t\t<div class=\"elementor-element elementor-element-253b7b3d elementor-widget elementor-widget-heading\" data-id=\"253b7b3d\" data-element_type=\"widget\" data-e-type=\"widget\" data-widget_type=\"heading.default\">\n\t\t\t\t\t<h2 class=\"elementor-heading-title elementor-size-default\">meine Philosophie<\/h2>\t\t\t\t<\/div>\n\t\t\t\t<div class=\"elementor-element elementor-element-1b529798 elementor-widget-divider--view-line elementor-invisible elementor-widget elementor-widget-divider\" data-id=\"1b529798\" data-element_type=\"widget\" data-e-type=\"widget\" data-settings=\"{&quot;_animation&quot;:&quot;zoomIn&quot;}\" data-widget_type=\"divider.default\">\n\t\t\t\t\t\t\t<div class=\"elementor-divider\">\n\t\t\t<span class=\"elementor-divider-separator\">\n\t\t\t\t\t\t<\/span>\n\t\t<\/div>\n\t\t\t\t\t\t<\/div>\n\t\t\t\t<div class=\"elementor-element elementor-element-1458f4f2 elementor-invisible elementor-widget elementor-widget-heading\" data-id=\"1458f4f2\" data-element_type=\"widget\" data-e-type=\"widget\" data-settings=\"{&quot;_animation&quot;:&quot;fadeInUp&quot;}\" data-widget_type=\"heading.default\">\n\t\t\t\t\t<h2 class=\"elementor-heading-title elementor-size-default\">Mach, was du liebst.<\/h2>\t\t\t\t<\/div>\n\t\t\t\t<div class=\"elementor-element elementor-element-719ddc6a elementor-widget elementor-widget-spacer\" data-id=\"719ddc6a\" data-element_type=\"widget\" data-e-type=\"widget\" data-widget_type=\"spacer.default\">\n\t\t\t\t\t\t\t<div class=\"elementor-spacer\">\n\t\t\t<div class=\"elementor-spacer-inner\"><\/div>\n\t\t<\/div>\n\t\t\t\t\t\t<\/div>\n\t\t\t\t<div class=\"elementor-element elementor-element-4d64ddd8 elementor-invisible elementor-widget elementor-widget-heading\" data-id=\"4d64ddd8\" data-element_type=\"widget\" data-e-type=\"widget\" data-settings=\"{&quot;_animation&quot;:&quot;fadeInUp&quot;}\" data-widget_type=\"heading.default\">\n\t\t\t\t\t<h2 class=\"elementor-heading-title elementor-size-default\">Wenn es Leidenschaft ist, f\u00fchlt es sich nicht wie Arbeit an.<\/h2>\t\t\t\t<\/div>\n\t\t\t\t<\/div>\n\t\t<div class=\"elementor-element elementor-element-3c202998 e-flex e-con-boxed e-con e-parent\" data-id=\"3c202998\" data-element_type=\"container\" data-e-type=\"container\" data-settings=\"{&quot;background_background&quot;:&quot;classic&quot;}\">\n\t\t\t\t\t<div class=\"e-con-inner\">\n\t\t<div class=\"elementor-element elementor-element-7d3dac51 e-con-full e-flex e-con e-child\" data-id=\"7d3dac51\" data-element_type=\"container\" data-e-type=\"container\">\n\t\t\t\t<div class=\"elementor-element elementor-element-35231ee6 elementor-widget elementor-widget-heading\" data-id=\"35231ee6\" data-element_type=\"widget\" data-e-type=\"widget\" data-widget_type=\"heading.default\">\n\t\t\t\t\t<h3 class=\"elementor-heading-title elementor-size-default\">Meine Reise<\/h3>\t\t\t\t<\/div>\n\t\t\t\t<div class=\"elementor-element elementor-element-58244183 elementor-widget-divider--view-line elementor-invisible elementor-widget elementor-widget-divider\" data-id=\"58244183\" data-element_type=\"widget\" data-e-type=\"widget\" data-settings=\"{&quot;_animation&quot;:&quot;zoomIn&quot;}\" data-widget_type=\"divider.default\">\n\t\t\t\t\t\t\t<div class=\"elementor-divider\">\n\t\t\t<span class=\"elementor-divider-separator\">\n\t\t\t\t\t\t<\/span>\n\t\t<\/div>\n\t\t\t\t\t\t<\/div>\n\t\t\t\t<div class=\"elementor-element elementor-element-697b36f5 elementor-invisible elementor-widget elementor-widget-heading\" data-id=\"697b36f5\" data-element_type=\"widget\" data-e-type=\"widget\" data-settings=\"{&quot;_animation&quot;:&quot;fadeInUp&quot;}\" data-widget_type=\"heading.default\">\n\t\t\t\t\t<h2 class=\"elementor-heading-title elementor-size-default\">Von den Anf\u00e4ngen bis heute<\/h2>\t\t\t\t<\/div>\n\t\t\t\t<\/div>\n\t\t<div class=\"elementor-element elementor-element-144ffb70 e-con-full e-flex elementor-invisible e-con e-child\" data-id=\"144ffb70\" data-element_type=\"container\" data-e-type=\"container\" data-settings=\"{&quot;animation&quot;:&quot;fadeInUp&quot;}\">\n\t\t<div class=\"elementor-element elementor-element-49170ee0 e-con-full e-flex e-con e-child\" data-id=\"49170ee0\" data-element_type=\"container\" data-e-type=\"container\">\n\t\t\t\t<div class=\"elementor-element elementor-element-6921569 elementor-invisible elementor-widget elementor-widget-heading\" data-id=\"6921569\" data-element_type=\"widget\" data-e-type=\"widget\" data-settings=\"{&quot;_animation&quot;:&quot;fadeInUp&quot;}\" data-widget_type=\"heading.default\">\n\t\t\t\t\t<h3 class=\"elementor-heading-title elementor-size-default\">2013<\/h3>\t\t\t\t<\/div>\n\t\t\t\t<\/div>\n\t\t<div class=\"elementor-element elementor-element-3b81b05c e-con-full e-flex e-con e-child\" data-id=\"3b81b05c\" data-element_type=\"container\" data-e-type=\"container\">\n\t\t\t\t<div class=\"elementor-element elementor-element-180f43d5 elementor-widget elementor-widget-heading\" data-id=\"180f43d5\" data-element_type=\"widget\" data-e-type=\"widget\" data-widget_type=\"heading.default\">\n\t\t\t\t\t<h2 class=\"elementor-heading-title elementor-size-default\">Der Anfang<\/h2>\t\t\t\t<\/div>\n\t\t\t\t<div class=\"elementor-element elementor-element-645b14d8 elementor-widget elementor-widget-text-editor\" data-id=\"645b14d8\" data-element_type=\"widget\" data-e-type=\"widget\" data-widget_type=\"text-editor.default\">\n\t\t\t\t\t\t\t\t\tMeine allererste Hochzeit durfte ich 2013 fotografieren \u2013 es war die Hochzeit der Schwester einer Freundin. Ich hatte damals wirklich keine Ahnung, was es bedeutet, eine Hochzeit zu begleiten! Aber ohne diesen Anfang w\u00e4re ich heute nicht da, wo ich bin.\t\t\t\t\t\t\t\t<\/div>\n\t\t\t\t<\/div>\n\t\t\t\t<\/div>\n\t\t<div class=\"elementor-element elementor-element-434611ee e-con-full e-flex elementor-invisible e-con e-child\" data-id=\"434611ee\" data-element_type=\"container\" data-e-type=\"container\" data-settings=\"{&quot;animation&quot;:&quot;fadeInUp&quot;}\">\n\t\t<div class=\"elementor-element elementor-element-66346a59 e-con-full e-flex e-con e-child\" data-id=\"66346a59\" data-element_type=\"container\" data-e-type=\"container\">\n\t\t\t\t<div class=\"elementor-element elementor-element-2d7df14 elementor-invisible elementor-widget elementor-widget-heading\" data-id=\"2d7df14\" data-element_type=\"widget\" data-e-type=\"widget\" data-settings=\"{&quot;_animation&quot;:&quot;fadeInUp&quot;}\" data-widget_type=\"heading.default\">\n\t\t\t\t\t<h3 class=\"elementor-heading-title elementor-size-default\">2018<\/h3>\t\t\t\t<\/div>\n\t\t\t\t<\/div>\n\t\t<div class=\"elementor-element elementor-element-507fdf3a e-con-full e-flex e-con e-child\" data-id=\"507fdf3a\" data-element_type=\"container\" data-e-type=\"container\">\n\t\t\t\t<div class=\"elementor-element elementor-element-68ac033b elementor-widget elementor-widget-heading\" data-id=\"68ac033b\" data-element_type=\"widget\" data-e-type=\"widget\" data-widget_type=\"heading.default\">\n\t\t\t\t\t<h2 class=\"elementor-heading-title elementor-size-default\">International<\/h2>\t\t\t\t<\/div>\n\t\t\t\t<div class=\"elementor-element elementor-element-34653097 elementor-widget elementor-widget-text-editor\" data-id=\"34653097\" data-element_type=\"widget\" data-e-type=\"widget\" data-widget_type=\"text-editor.default\">\n\t\t\t\t\t\t\t\t\tErste Destination Wedding ausserhalb der Schweiz. Seitdem durfte ich Hochzeiten auf drei Kontinenten begleiten und die sch\u00f6nsten Orte der Welt entdecken.\t\t\t\t\t\t\t\t<\/div>\n\t\t\t\t<\/div>\n\t\t\t\t<\/div>\n\t\t<div class=\"elementor-element elementor-element-71913ae1 e-con-full e-flex elementor-invisible e-con e-child\" data-id=\"71913ae1\" data-element_type=\"container\" data-e-type=\"container\" data-settings=\"{&quot;animation&quot;:&quot;fadeInUp&quot;}\">\n\t\t<div class=\"elementor-element elementor-element-4a1c422f e-con-full e-flex e-con e-child\" data-id=\"4a1c422f\" data-element_type=\"container\" data-e-type=\"container\">\n\t\t\t\t<div class=\"elementor-element elementor-element-7124cc79 elementor-invisible elementor-widget elementor-widget-heading\" data-id=\"7124cc79\" data-element_type=\"widget\" data-e-type=\"widget\" data-settings=\"{&quot;_animation&quot;:&quot;fadeInUp&quot;}\" data-widget_type=\"heading.default\">\n\t\t\t\t\t<h3 class=\"elementor-heading-title elementor-size-default\">2021<\/h3>\t\t\t\t<\/div>\n\t\t\t\t<\/div>\n\t\t<div class=\"elementor-element elementor-element-640f0e4e e-con-full e-flex e-con e-child\" data-id=\"640f0e4e\" data-element_type=\"container\" data-e-type=\"container\">\n\t\t\t\t<div class=\"elementor-element elementor-element-70225a73 elementor-widget elementor-widget-heading\" data-id=\"70225a73\" data-element_type=\"widget\" data-e-type=\"widget\" data-widget_type=\"heading.default\">\n\t\t\t\t\t<h2 class=\"elementor-heading-title elementor-size-default\">Featured<\/h2>\t\t\t\t<\/div>\n\t\t\t\t<div class=\"elementor-element elementor-element-53f58654 elementor-widget elementor-widget-text-editor\" data-id=\"53f58654\" data-element_type=\"widget\" data-e-type=\"widget\" data-widget_type=\"text-editor.default\">\n\t\t\t\t\t\t\t\t\t<p>Meine Arbeit wurde in VOGUE und BRIDES ver\u00f6ffentlicht \u2013 eine Auszeichnung, die mich unglaublich stolz macht und mich in meiner Leidenschaft best\u00e4rkt.<\/p>\t\t\t\t\t\t\t\t<\/div>\n\t\t\t\t<\/div>\n\t\t\t\t<\/div>\n\t\t<div class=\"elementor-element elementor-element-3016f2c1 e-con-full e-flex elementor-invisible e-con e-child\" data-id=\"3016f2c1\" data-element_type=\"container\" data-e-type=\"container\" data-settings=\"{&quot;animation&quot;:&quot;fadeInUp&quot;}\">\n\t\t<div class=\"elementor-element elementor-element-3e772113 e-con-full e-flex e-con e-child\" data-id=\"3e772113\" data-element_type=\"container\" data-e-type=\"container\">\n\t\t\t\t<div class=\"elementor-element elementor-element-434f0af3 elementor-invisible elementor-widget elementor-widget-heading\" data-id=\"434f0af3\" data-element_type=\"widget\" data-e-type=\"widget\" data-settings=\"{&quot;_animation&quot;:&quot;fadeInUp&quot;}\" data-widget_type=\"heading.default\">\n\t\t\t\t\t<h3 class=\"elementor-heading-title elementor-size-default\">2024<\/h3>\t\t\t\t<\/div>\n\t\t\t\t<\/div>\n\t\t<div class=\"elementor-element elementor-element-387e2bac e-con-full e-flex e-con e-child\" data-id=\"387e2bac\" data-element_type=\"container\" data-e-type=\"container\">\n\t\t\t\t<div class=\"elementor-element elementor-element-7c1d55cb elementor-widget elementor-widget-heading\" data-id=\"7c1d55cb\" data-element_type=\"widget\" data-e-type=\"widget\" data-widget_type=\"heading.default\">\n\t\t\t\t\t<h2 class=\"elementor-heading-title elementor-size-default\">250+ Hochzeiten<\/h2>\t\t\t\t<\/div>\n\t\t\t\t<div class=\"elementor-element elementor-element-55ed07b5 elementor-widget elementor-widget-text-editor\" data-id=\"55ed07b5\" data-element_type=\"widget\" data-e-type=\"widget\" data-widget_type=\"text-editor.default\">\n\t\t\t\t\t\t\t\t\tInzwischen durfte ich \u00fcber 250 wundervolle Hochzeiten begleiten \u2013 und ich freue mich jedes Mal, wenn eine neue dazukommt! Denn keine Hochzeit gleicht der anderen.\t\t\t\t\t\t\t\t<\/div>\n\t\t\t\t<\/div>\n\t\t\t\t<\/div>\n\t\t\t\t\t<\/div>\n\t\t\t\t<\/div>\n\t\t<div class=\"elementor-element elementor-element-1bb234bb e-flex e-con-boxed e-con e-parent\" data-id=\"1bb234bb\" data-element_type=\"container\" data-e-type=\"container\" data-settings=\"{&quot;background_background&quot;:&quot;classic&quot;}\">\n\t\t\t\t\t<div class=\"e-con-inner\">\n\t\t<div class=\"elementor-element elementor-element-82c074e e-con-full e-flex e-con e-child\" data-id=\"82c074e\" data-element_type=\"container\" data-e-type=\"container\">\n\t\t\t\t<div class=\"elementor-element elementor-element-7c652388 elementor-widget elementor-widget-heading\" data-id=\"7c652388\" data-element_type=\"widget\" data-e-type=\"widget\" data-widget_type=\"heading.default\">\n\t\t\t\t\t<h3 class=\"elementor-heading-title elementor-size-default\">Finde mich<\/h3>\t\t\t\t<\/div>\n\t\t\t\t<div class=\"elementor-element elementor-element-27bfd04f elementor-widget-divider--view-line elementor-invisible elementor-widget elementor-widget-divider\" data-id=\"27bfd04f\" data-element_type=\"widget\" data-e-type=\"widget\" data-settings=\"{&quot;_animation&quot;:&quot;zoomIn&quot;}\" data-widget_type=\"divider.default\">\n\t\t\t\t\t\t\t<div class=\"elementor-divider\">\n\t\t\t<span class=\"elementor-divider-separator\">\n\t\t\t\t\t\t<\/span>\n\t\t<\/div>\n\t\t\t\t\t\t<\/div>\n\t\t\t\t<div class=\"elementor-element elementor-element-373dd9db elementor-invisible elementor-widget elementor-widget-heading\" data-id=\"373dd9db\" data-element_type=\"widget\" data-e-type=\"widget\" data-settings=\"{&quot;_animation&quot;:&quot;fadeInUp&quot;}\" data-widget_type=\"heading.default\">\n\t\t\t\t\t<h2 class=\"elementor-heading-title elementor-size-default\">Office &amp; Studio<\/h2>\t\t\t\t<\/div>\n\t\t\t\t<div class=\"elementor-element elementor-element-de766e3 elementor-widget elementor-widget-spacer\" data-id=\"de766e3\" data-element_type=\"widget\" data-e-type=\"widget\" data-widget_type=\"spacer.default\">\n\t\t\t\t\t\t\t<div class=\"elementor-spacer\">\n\t\t\t<div class=\"elementor-spacer-inner\"><\/div>\n\t\t<\/div>\n\t\t\t\t\t\t<\/div>\n\t\t\t\t<div class=\"elementor-element elementor-element-7fe6ed94 elementor-invisible elementor-widget elementor-widget-text-editor\" data-id=\"7fe6ed94\" data-element_type=\"widget\" data-e-type=\"widget\" data-settings=\"{&quot;_animation&quot;:&quot;fadeInUp&quot;}\" data-widget_type=\"text-editor.default\">\n\t\t\t\t\t\t\t\t\tWenn ich nicht an einer Hochzeit oder im Urlaub bin, findet ihr mich entweder in meinem B\u00fcro an der Kirchgasse 2 in Aarau oder im Fotostudio am Ochseng\u00e4ssli 9 in Aarau.\t\t\t\t\t\t\t\t<\/div>\n\t\t\t\t<div class=\"elementor-element elementor-element-3c2691e0 elementor-position-inline-start elementor-view-default elementor-mobile-position-block-start elementor-invisible elementor-widget elementor-widget-icon-box\" data-id=\"3c2691e0\" data-element_type=\"widget\" data-e-type=\"widget\" data-settings=\"{&quot;_animation&quot;:&quot;fadeInUp&quot;}\" data-widget_type=\"icon-box.default\">\n\t\t\t\t\t\t\t<div class=\"elementor-icon-box-wrapper\">\n\n\t\t\t\t\t\t<div class=\"elementor-icon-box-icon\">\n\t\t\t\t<a href=\"https:\/\/maps.app.goo.gl\/sB3o8FAMmNKV7xUd7\" target=\"_blank\" class=\"elementor-icon\" tabindex=\"-1\" aria-label=\"B\u00dcRO\">\n\t\t\t\t<svg aria-hidden=\"true\" class=\"e-font-icon-svg e-fas-map-pin\" viewBox=\"0 0 288 512\" xmlns=\"http:\/\/www.w3.org\/2000\/svg\"><path d=\"M112 316.94v156.69l22.02 33.02c4.75 7.12 15.22 7.12 19.97 0L176 473.63V316.94c-10.39 1.92-21.06 3.06-32 3.06s-21.61-1.14-32-3.06zM144 0C64.47 0 0 64.47 0 144s64.47 144 144 144 144-64.47 144-144S223.53 0 144 0zm0 76c-37.5 0-68 30.5-68 68 0 6.62-5.38 12-12 12s-12-5.38-12-12c0-50.73 41.28-92 92-92 6.62 0 12 5.38 12 12s-5.38 12-12 12z\"><\/path><\/svg>\t\t\t\t<\/a>\n\t\t\t<\/div>\n\t\t\t\n\t\t\t\t\t\t<div class=\"elementor-icon-box-content\">\n\n\t\t\t\t\t\t\t\t\t<h3 class=\"elementor-icon-box-title\">\n\t\t\t\t\t\t<a href=\"https:\/\/maps.app.goo.gl\/sB3o8FAMmNKV7xUd7\" target=\"_blank\" >\n\t\t\t\t\t\t\tB\u00dcRO\t\t\t\t\t\t<\/a>\n\t\t\t\t\t<\/h3>\n\t\t\t\t\n\t\t\t\t\t\t\t\t\t<p class=\"elementor-icon-box-description\">\n\t\t\t\t\t\tKirchgasse 2, 5000 Aarau\t\t\t\t\t<\/p>\n\t\t\t\t\n\t\t\t<\/div>\n\t\t\t\n\t\t<\/div>\n\t\t\t\t\t\t<\/div>\n\t\t\t\t<div class=\"elementor-element elementor-element-4644a994 elementor-position-inline-start elementor-view-default elementor-mobile-position-block-start elementor-invisible elementor-widget elementor-widget-icon-box\" data-id=\"4644a994\" data-element_type=\"widget\" data-e-type=\"widget\" data-settings=\"{&quot;_animation&quot;:&quot;fadeInUp&quot;}\" data-widget_type=\"icon-box.default\">\n\t\t\t\t\t\t\t<div class=\"elementor-icon-box-wrapper\">\n\n\t\t\t\t\t\t<div class=\"elementor-icon-box-icon\">\n\t\t\t\t<a href=\"https:\/\/maps.app.goo.gl\/iMLjcM7BfF7FcA5J9\" target=\"_blank\" class=\"elementor-icon\" tabindex=\"-1\" aria-label=\"FOTOSTUDIO\">\n\t\t\t\t<svg aria-hidden=\"true\" class=\"e-font-icon-svg e-fas-map-pin\" viewBox=\"0 0 288 512\" xmlns=\"http:\/\/www.w3.org\/2000\/svg\"><path d=\"M112 316.94v156.69l22.02 33.02c4.75 7.12 15.22 7.12 19.97 0L176 473.63V316.94c-10.39 1.92-21.06 3.06-32 3.06s-21.61-1.14-32-3.06zM144 0C64.47 0 0 64.47 0 144s64.47 144 144 144 144-64.47 144-144S223.53 0 144 0zm0 76c-37.5 0-68 30.5-68 68 0 6.62-5.38 12-12 12s-12-5.38-12-12c0-50.73 41.28-92 92-92 6.62 0 12 5.38 12 12s-5.38 12-12 12z\"><\/path><\/svg>\t\t\t\t<\/a>\n\t\t\t<\/div>\n\t\t\t\n\t\t\t\t\t\t<div class=\"elementor-icon-box-content\">\n\n\t\t\t\t\t\t\t\t\t<h3 class=\"elementor-icon-box-title\">\n\t\t\t\t\t\t<a href=\"https:\/\/maps.app.goo.gl\/iMLjcM7BfF7FcA5J9\" target=\"_blank\" >\n\t\t\t\t\t\t\tFOTOSTUDIO\t\t\t\t\t\t<\/a>\n\t\t\t\t\t<\/h3>\n\t\t\t\t\n\t\t\t\t\t\t\t\t\t<p class=\"elementor-icon-box-description\">\n\t\t\t\t\t\tOchseng\u00e4ssli 9, 5000 Aarau\t\t\t\t\t<\/p>\n\t\t\t\t\n\t\t\t<\/div>\n\t\t\t\n\t\t<\/div>\n\t\t\t\t\t\t<\/div>\n\t\t\t\t<div class=\"elementor-element elementor-element-2d565a24 elementor-widget elementor-widget-spacer\" data-id=\"2d565a24\" data-element_type=\"widget\" data-e-type=\"widget\" data-widget_type=\"spacer.default\">\n\t\t\t\t\t\t\t<div class=\"elementor-spacer\">\n\t\t\t<div class=\"elementor-spacer-inner\"><\/div>\n\t\t<\/div>\n\t\t\t\t\t\t<\/div>\n\t\t\t\t<div class=\"elementor-element elementor-element-73884ef0 elementor-align-left elementor-mobile-align-center elementor-invisible elementor-widget elementor-widget-button\" data-id=\"73884ef0\" data-element_type=\"widget\" data-e-type=\"widget\" data-settings=\"{&quot;_animation&quot;:&quot;fadeInUp&quot;}\" data-widget_type=\"button.default\">\n\t\t\t\t\t\t\t\t\t\t<a class=\"elementor-button elementor-button-link elementor-size-sm\" href=\"https:\/\/www.merylgashi.com\/de\/kontakt#form\">\n\t\t\t\t\t\t<span class=\"elementor-button-content-wrapper\">\n\t\t\t\t\t\t\t\t\t<span class=\"elementor-button-text\">anfragen<\/span>\n\t\t\t\t\t<\/span>\n\t\t\t\t\t<\/a>\n\t\t\t\t\t\t\t\t<\/div>\n\t\t\t\t<\/div>\n\t\t<div class=\"elementor-element elementor-element-3ac8d930 e-con-full e-flex e-con e-child\" data-id=\"3ac8d930\" data-element_type=\"container\" data-e-type=\"container\">\n\t\t\t\t<div class=\"elementor-element elementor-element-5783180b elementor-invisible elementor-widget elementor-widget-image\" data-id=\"5783180b\" data-element_type=\"widget\" data-e-type=\"widget\" data-settings=\"{&quot;_animation&quot;:&quot;fadeIn&quot;}\" data-widget_type=\"image.default\">\n\t\t\t\t\t\t\t\t\t\t\t\t\t\t\t<img fetchpriority=\"high\" decoding=\"async\" width=\"800\" height=\"534\" src=\"https:\/\/www.merylgashi.com\/de\/wp-content\/uploads\/sites\/2\/2026\/04\/Schaufenster-des-Fotostudios-Meryl-Gashi-Photography-1024x683.jpg\" class=\"attachment-large size-large wp-image-61\" alt=\"\" srcset=\"https:\/\/www.merylgashi.com\/de\/wp-content\/uploads\/sites\/2\/2026\/04\/Schaufenster-des-Fotostudios-Meryl-Gashi-Photography-1024x683.jpg 1024w, https:\/\/www.merylgashi.com\/de\/wp-content\/uploads\/sites\/2\/2026\/04\/Schaufenster-des-Fotostudios-Meryl-Gashi-Photography-300x200.jpg 300w, https:\/\/www.merylgashi.com\/de\/wp-content\/uploads\/sites\/2\/2026\/04\/Schaufenster-des-Fotostudios-Meryl-Gashi-Photography-768x512.jpg 768w, https:\/\/www.merylgashi.com\/de\/wp-content\/uploads\/sites\/2\/2026\/04\/Schaufenster-des-Fotostudios-Meryl-Gashi-Photography-1536x1024.jpg 1536w, https:\/\/www.merylgashi.com\/de\/wp-content\/uploads\/sites\/2\/2026\/04\/Schaufenster-des-Fotostudios-Meryl-Gashi-Photography.jpg 1620w\" sizes=\"(max-width: 800px) 100vw, 800px\" \/>\t\t\t\t\t\t\t\t\t\t\t\t\t\t\t<\/div>\n\t\t\t\t<\/div>\n\t\t\t\t\t<\/div>\n\t\t\t\t<\/div>\n\t\t<div class=\"elementor-element elementor-element-107b34e4 e-con-full e-flex e-con e-parent\" data-id=\"107b34e4\" data-element_type=\"container\" data-e-type=\"container\">\n\t\t\t\t<div class=\"elementor-element elementor-element-1c23a494 elementor-widget elementor-widget-template\" data-id=\"1c23a494\" data-element_type=\"widget\" data-e-type=\"widget\" data-widget_type=\"template.default\">\n\t\t\t\t<div class=\"elementor-widget-container\">\n\t\t\t\t\t\t\t<div class=\"elementor-template\">\n\t\t\t\t\t<div data-elementor-type=\"section\" data-elementor-id=\"26\" class=\"elementor elementor-26\" data-elementor-post-type=\"elementor_library\">\n\t\t\t<div class=\"elementor-element elementor-element-723949b2 e-flex e-con-boxed e-con e-parent\" data-id=\"723949b2\" data-element_type=\"container\" data-e-type=\"container\" data-settings=\"{&quot;background_background&quot;:&quot;classic&quot;}\">\n\t\t\t\t\t<div class=\"e-con-inner\">\n\t\t\t\t<div class=\"elementor-element elementor-element-512cda0d elementor-widget elementor-widget-heading\" data-id=\"512cda0d\" data-element_type=\"widget\" data-e-type=\"widget\" data-widget_type=\"heading.default\">\n\t\t\t\t\t<h2 class=\"elementor-heading-title elementor-size-default\">bereit loszulegen?<\/h2>\t\t\t\t<\/div>\n\t\t\t\t<div class=\"elementor-element elementor-element-10ed5dab elementor-widget-divider--view-line elementor-invisible elementor-widget elementor-widget-divider\" data-id=\"10ed5dab\" data-element_type=\"widget\" data-e-type=\"widget\" data-settings=\"{&quot;_animation&quot;:&quot;zoomIn&quot;}\" data-widget_type=\"divider.default\">\n\t\t\t\t\t\t\t<div class=\"elementor-divider\">\n\t\t\t<span class=\"elementor-divider-separator\">\n\t\t\t\t\t\t<\/span>\n\t\t<\/div>\n\t\t\t\t\t\t<\/div>\n\t\t\t\t<div class=\"elementor-element elementor-element-bad4380 elementor-invisible elementor-widget elementor-widget-heading\" data-id=\"bad4380\" data-element_type=\"widget\" data-e-type=\"widget\" data-settings=\"{&quot;_animation&quot;:&quot;fadeInUp&quot;}\" data-widget_type=\"heading.default\">\n\t\t\t\t\t<h2 class=\"elementor-heading-title elementor-size-default\">Lass uns dein perfektes<br>Foto-Erlebnis gestalten.<\/h2>\t\t\t\t<\/div>\n\t\t\t\t<div class=\"elementor-element elementor-element-78a35e4c elementor-invisible elementor-widget elementor-widget-heading\" data-id=\"78a35e4c\" data-element_type=\"widget\" data-e-type=\"widget\" data-settings=\"{&quot;_animation&quot;:&quot;fadeInUp&quot;}\" data-widget_type=\"heading.default\">\n\t\t\t\t\t<h2 class=\"elementor-heading-title elementor-size-default\">Ich freue mich darauf, mehr \u00fcber deine W\u00fcnsche zu erfahren und gemeinsam das passende Angebot f\u00fcr dich zu finden.<\/h2>\t\t\t\t<\/div>\n\t\t\t\t<div class=\"elementor-element elementor-element-60e0a370 elementor-widget elementor-widget-spacer\" data-id=\"60e0a370\" data-element_type=\"widget\" data-e-type=\"widget\" data-widget_type=\"spacer.default\">\n\t\t\t\t\t\t\t<div class=\"elementor-spacer\">\n\t\t\t<div class=\"elementor-spacer-inner\"><\/div>\n\t\t<\/div>\n\t\t\t\t\t\t<\/div>\n\t\t\t\t<div class=\"elementor-element elementor-element-4c6dfb36 elementor-align-center elementor-invisible elementor-widget elementor-widget-button\" data-id=\"4c6dfb36\" data-element_type=\"widget\" data-e-type=\"widget\" data-settings=\"{&quot;_animation&quot;:&quot;fadeInUp&quot;}\" data-widget_type=\"button.default\">\n\t\t\t\t\t\t\t\t\t\t<a class=\"elementor-button elementor-button-link elementor-size-sm\" href=\"https:\/\/www.merylgashi.com\/de\/kontakt#form\">\n\t\t\t\t\t\t<span class=\"elementor-button-content-wrapper\">\n\t\t\t\t\t\t\t\t\t<span class=\"elementor-button-text\">Kontakt aufnehmen<\/span>\n\t\t\t\t\t<\/span>\n\t\t\t\t\t<\/a>\n\t\t\t\t\t\t\t\t<\/div>\n\t\t\t\t\t<\/div>\n\t\t\t\t<\/div>\n\t\t\t\t<\/div>\n\t\t\t\t<\/div>\n\t\t\t\t\t\t<\/div>\n\t\t\t\t<\/div>\n\t\t\t\t<\/div>\n\t\t\t\t<\/div>\n\t\t","protected":false},"excerpt":{"rendered":"<p>Als Hochzeitsfotografin weiss ich, was wichtig ist. Ich weiss, dass ihr nicht einfach nur \u201eFotos&#187; wollt. Ihr wollt Erinnerungen, die f\u00fcr immer bleiben.<\/p>\n<p>Fotografie ist so viel mehr als nur ein Bild \u2013 sie soll Emotionen wecken und euch zur\u00fcckversetzen in den sch\u00f6nsten Tag eures Lebens. Ich liebe die Fotografie und ich liebe Hochzeiten.<\/p>\n<p>Ich begleite euch an eurem gro\u00dfen Tag und halte die echten und authentischen Momente f\u00fcr die Ewigkeit fest. Die Geschichte eures gro\u00dfen Tages.<\/p>\n","protected":false},"author":1,"featured_media":64,"parent":0,"menu_order":0,"comment_status":"closed","ping_status":"closed","template":"","meta":{"_agency_seo_focus_keyword":"mich","_agency_seo_title":"\u00dcber mich | Hochzeitsfotografin Aarau | Meryl Gashi","_agency_seo_description":"Lernt mich kennen: Meryl, internationale Hochzeitsfotografin mit Studio in Aarau. Seit 2013 halte ich weltweit echte Emotionen f\u00fcr die Ewigkeit fest.","_agency_seo_og_image_id":0,"_agency_seo_noindex":false,"footnotes":""},"class_list":["post-60","page","type-page","status-publish","has-post-thumbnail","hentry"],"_links":{"self":[{"href":"https:\/\/www.merylgashi.com\/de\/wp-json\/wp\/v2\/pages\/60","targetHints":{"allow":["GET"]}}],"collection":[{"href":"https:\/\/www.merylgashi.com\/de\/wp-json\/wp\/v2\/pages"}],"about":[{"href":"https:\/\/www.merylgashi.com\/de\/wp-json\/wp\/v2\/types\/page"}],"author":[{"embeddable":true,"href":"https:\/\/www.merylgashi.com\/de\/wp-json\/wp\/v2\/users\/1"}],"replies":[{"embeddable":true,"href":"https:\/\/www.merylgashi.com\/de\/wp-json\/wp\/v2\/comments?post=60"}],"version-history":[{"count":5,"href":"https:\/\/www.merylgashi.com\/de\/wp-json\/wp\/v2\/pages\/60\/revisions"}],"predecessor-version":[{"id":364,"href":"https:\/\/www.merylgashi.com\/de\/wp-json\/wp\/v2\/pages\/60\/revisions\/364"}],"wp:featuredmedia":[{"embeddable":true,"href":"https:\/\/www.merylgashi.com\/de\/wp-json\/wp\/v2\/media\/64"}],"wp:attachment":[{"href":"https:\/\/www.merylgashi.com\/de\/wp-json\/wp\/v2\/media?parent=60"}],"curies":[{"name":"wp","href":"https:\/\/api.w.org\/{rel}","templated":true}]}}