{"id":56,"date":"2026-04-28T09:08:48","date_gmt":"2026-04-28T09:08:48","guid":{"rendered":"https:\/\/www.merylgashi.com\/de\/weddings\/"},"modified":"2026-04-28T18:40:46","modified_gmt":"2026-04-28T18:40:46","slug":"hochzeiten","status":"publish","type":"page","link":"https:\/\/www.merylgashi.com\/de\/hochzeiten\/","title":{"rendered":"Hochzeiten"},"content":{"rendered":"\t\t<div data-elementor-type=\"wp-page\" data-elementor-id=\"56\" class=\"elementor elementor-56\" data-elementor-post-type=\"page\">\n\t\t\t\t<div class=\"elementor-element elementor-element-33128ae4 e-flex e-con-boxed e-con e-parent\" data-id=\"33128ae4\" data-element_type=\"container\" data-e-type=\"container\" data-settings=\"{&quot;background_background&quot;:&quot;classic&quot;}\">\n\t\t\t\t\t<div class=\"e-con-inner\">\n\t\t\t\t<div class=\"elementor-element elementor-element-24e86356 elementor-widget elementor-widget-menu-anchor\" data-id=\"24e86356\" data-element_type=\"widget\" data-e-type=\"widget\" data-widget_type=\"menu-anchor.default\">\n\t\t\t\t\t\t\t<div class=\"elementor-menu-anchor\" id=\"grid\"><\/div>\n\t\t\t\t\t\t<\/div>\n\t\t\t\t\t<\/div>\n\t\t\t\t<\/div>\n\t\t<div class=\"elementor-element elementor-element-5c3d71ae e-flex e-con-boxed e-con e-parent\" data-id=\"5c3d71ae\" data-element_type=\"container\" data-e-type=\"container\" data-settings=\"{&quot;background_background&quot;:&quot;classic&quot;}\">\n\t\t\t\t\t<div class=\"e-con-inner\">\n\t\t\t\t<div class=\"elementor-element elementor-element-2f7a1186 elementor-widget elementor-widget-counter\" data-id=\"2f7a1186\" data-element_type=\"widget\" data-e-type=\"widget\" data-widget_type=\"counter.default\">\n\t\t\t\t\t\t\t<div class=\"elementor-counter\">\n\t\t\t<div class=\"elementor-counter-title\">Hochzeiten seit 2023<\/div>\t\t\t<div class=\"elementor-counter-number-wrapper\">\n\t\t\t\t<span class=\"elementor-counter-number-prefix\"><\/span>\n\t\t\t\t<span class=\"elementor-counter-number\" data-duration=\"2000\" data-to-value=\"250\" data-from-value=\"0\" data-delimiter=\",\">0<\/span>\n\t\t\t\t<span class=\"elementor-counter-number-suffix\">+<\/span>\n\t\t\t<\/div>\n\t\t<\/div>\n\t\t\t\t\t\t<\/div>\n\t\t\t\t<div class=\"elementor-element elementor-element-356ea1ed elementor-widget__width-initial e-transform elementor-hidden-mobile elementor-widget-divider--view-line elementor-widget elementor-widget-divider\" data-id=\"356ea1ed\" data-element_type=\"widget\" data-e-type=\"widget\" data-settings=\"{&quot;_transform_rotateZ_effect&quot;:{&quot;unit&quot;:&quot;px&quot;,&quot;size&quot;:90,&quot;sizes&quot;:[]},&quot;_transform_rotateZ_effect_tablet&quot;:{&quot;unit&quot;:&quot;deg&quot;,&quot;size&quot;:&quot;&quot;,&quot;sizes&quot;:[]},&quot;_transform_rotateZ_effect_mobile&quot;:{&quot;unit&quot;:&quot;deg&quot;,&quot;size&quot;:&quot;&quot;,&quot;sizes&quot;:[]}}\" data-widget_type=\"divider.default\">\n\t\t\t\t\t\t\t<div class=\"elementor-divider\">\n\t\t\t<span class=\"elementor-divider-separator\">\n\t\t\t\t\t\t<\/span>\n\t\t<\/div>\n\t\t\t\t\t\t<\/div>\n\t\t\t\t<div class=\"elementor-element elementor-element-479770bd elementor-widget elementor-widget-counter\" data-id=\"479770bd\" data-element_type=\"widget\" data-e-type=\"widget\" data-widget_type=\"counter.default\">\n\t\t\t\t\t\t\t<div class=\"elementor-counter\">\n\t\t\t<div class=\"elementor-counter-title\">Hochzeiten seit 2023<\/div>\t\t\t<div class=\"elementor-counter-number-wrapper\">\n\t\t\t\t<span class=\"elementor-counter-number-prefix\"><\/span>\n\t\t\t\t<span class=\"elementor-counter-number\" data-duration=\"2000\" data-to-value=\"50\" data-from-value=\"0\" data-delimiter=\",\">0<\/span>\n\t\t\t\t<span class=\"elementor-counter-number-suffix\">+<\/span>\n\t\t\t<\/div>\n\t\t<\/div>\n\t\t\t\t\t\t<\/div>\n\t\t\t\t\t<\/div>\n\t\t\t\t<\/div>\n\t\t<div class=\"elementor-element elementor-element-24893827 e-flex e-con-boxed e-con e-parent\" data-id=\"24893827\" data-element_type=\"container\" data-e-type=\"container\" data-settings=\"{&quot;background_background&quot;:&quot;classic&quot;}\">\n\t\t\t\t\t<div class=\"e-con-inner\">\n\t\t\t\t<div class=\"elementor-element elementor-element-1724feb0 elementor-grid-3 elementor-grid-tablet-2 elementor-grid-mobile-1 elementor-widget elementor-widget-loop-grid\" data-id=\"1724feb0\" data-element_type=\"widget\" data-e-type=\"widget\" data-settings=\"{&quot;template_id&quot;:20,&quot;masonry&quot;:&quot;yes&quot;,&quot;_skin&quot;:&quot;post&quot;,&quot;columns&quot;:&quot;3&quot;,&quot;columns_tablet&quot;:&quot;2&quot;,&quot;columns_mobile&quot;:&quot;1&quot;,&quot;edit_handle_selector&quot;:&quot;[data-elementor-type=\\&quot;loop-item\\&quot;]&quot;,&quot;row_gap&quot;:{&quot;unit&quot;:&quot;px&quot;,&quot;size&quot;:&quot;&quot;,&quot;sizes&quot;:[]},&quot;row_gap_tablet&quot;:{&quot;unit&quot;:&quot;px&quot;,&quot;size&quot;:&quot;&quot;,&quot;sizes&quot;:[]},&quot;row_gap_mobile&quot;:{&quot;unit&quot;:&quot;px&quot;,&quot;size&quot;:&quot;&quot;,&quot;sizes&quot;:[]}}\" data-widget_type=\"loop-grid.post\">\n\t\t\t\t<div class=\"elementor-widget-container\">\n\t\t\t\t\t\t\t<div class=\"elementor-loop-container elementor-grid\" role=\"list\">\n\t\t<style id=\"loop-20\">.elementor-20 .elementor-element.elementor-element-3ad8cf8a{--display:flex;--flex-direction:column;--container-widget-width:100%;--container-widget-height:initial;--container-widget-flex-grow:0;--container-widget-align-self:initial;--flex-wrap-mobile:wrap;--gap:10px 10px;--row-gap:10px;--column-gap:10px;}.elementor-20 .elementor-element.elementor-element-3ad8cf8a.e-con:hover{--e-con-transform-scale:1.03;}.elementor-widget-theme-post-featured-image .widget-image-caption{color:var( --e-global-color-text );font-family:var( --e-global-typography-text-font-family ), Sans-serif;font-size:var( --e-global-typography-text-font-size );font-weight:var( --e-global-typography-text-font-weight );font-style:var( --e-global-typography-text-font-style );line-height:var( --e-global-typography-text-line-height );}.elementor-20 .elementor-element.elementor-element-340ca7e3 img{max-width:360px;height:480px;object-fit:cover;object-position:center center;}.elementor-widget-theme-post-title .elementor-heading-title{font-family:var( --e-global-typography-primary-font-family ), Sans-serif;font-size:var( --e-global-typography-primary-font-size );font-weight:var( --e-global-typography-primary-font-weight );text-transform:var( --e-global-typography-primary-text-transform );font-style:var( --e-global-typography-primary-font-style );line-height:var( --e-global-typography-primary-line-height );color:var( --e-global-color-primary );}.elementor-20 .elementor-element.elementor-element-30bd113e{text-align:center;}.elementor-20 .elementor-element.elementor-element-30bd113e .elementor-heading-title{font-family:var( --e-global-typography-a39c60f-font-family ), Sans-serif;font-size:var( --e-global-typography-a39c60f-font-size );font-weight:var( --e-global-typography-a39c60f-font-weight );text-transform:var( --e-global-typography-a39c60f-text-transform );font-style:var( --e-global-typography-a39c60f-font-style );line-height:var( --e-global-typography-a39c60f-line-height );letter-spacing:var( --e-global-typography-a39c60f-letter-spacing );word-spacing:var( --e-global-typography-a39c60f-word-spacing );color:var( --e-global-color-accent );}@media(max-width:1024px){.elementor-widget-theme-post-featured-image .widget-image-caption{font-size:var( --e-global-typography-text-font-size );line-height:var( --e-global-typography-text-line-height );}.elementor-widget-theme-post-title .elementor-heading-title{font-size:var( --e-global-typography-primary-font-size );line-height:var( --e-global-typography-primary-line-height );}.elementor-20 .elementor-element.elementor-element-30bd113e .elementor-heading-title{font-size:var( --e-global-typography-a39c60f-font-size );line-height:var( --e-global-typography-a39c60f-line-height );letter-spacing:var( --e-global-typography-a39c60f-letter-spacing );word-spacing:var( --e-global-typography-a39c60f-word-spacing );}}@media(max-width:767px){.elementor-widget-theme-post-featured-image .widget-image-caption{font-size:var( --e-global-typography-text-font-size );line-height:var( --e-global-typography-text-line-height );}.elementor-widget-theme-post-title .elementor-heading-title{font-size:var( --e-global-typography-primary-font-size );line-height:var( --e-global-typography-primary-line-height );}.elementor-20 .elementor-element.elementor-element-30bd113e .elementor-heading-title{font-size:var( --e-global-typography-a39c60f-font-size );line-height:var( --e-global-typography-a39c60f-line-height );letter-spacing:var( --e-global-typography-a39c60f-letter-spacing );word-spacing:var( --e-global-typography-a39c60f-word-spacing );}}<\/style>\t\t<div data-elementor-type=\"loop-item\" data-elementor-id=\"20\" class=\"elementor elementor-20 e-loop-item e-loop-item-162 post-162 post type-post status-publish format-standard has-post-thumbnail hentry category-hochzeitsreportagen\" data-elementor-post-type=\"elementor_library\" data-custom-edit-handle=\"1\">\n\t\t\t<a class=\"elementor-element elementor-element-3ad8cf8a e-transform e-flex e-con-boxed e-con e-parent\" data-id=\"3ad8cf8a\" data-element_type=\"container\" data-e-type=\"container\" data-settings=\"{&quot;_transform_scale_effect_hover&quot;:{&quot;unit&quot;:&quot;px&quot;,&quot;size&quot;:1.03,&quot;sizes&quot;:[]},&quot;_transform_scale_effect_hover_tablet&quot;:{&quot;unit&quot;:&quot;px&quot;,&quot;size&quot;:&quot;&quot;,&quot;sizes&quot;:[]},&quot;_transform_scale_effect_hover_mobile&quot;:{&quot;unit&quot;:&quot;px&quot;,&quot;size&quot;:&quot;&quot;,&quot;sizes&quot;:[]}}\" href=\"https:\/\/www.merylgashi.com\/de\/c-m\/\">\n\t\t\t\t\t<div class=\"e-con-inner\">\n\t\t\t\t<div class=\"elementor-element elementor-element-340ca7e3 elementor-widget elementor-widget-theme-post-featured-image elementor-widget-image\" data-id=\"340ca7e3\" data-element_type=\"widget\" data-e-type=\"widget\" data-widget_type=\"theme-post-featured-image.default\">\n\t\t\t\t\t\t\t\t\t\t\t\t\t\t\t<img fetchpriority=\"high\" decoding=\"async\" width=\"1067\" height=\"1600\" src=\"https:\/\/www.merylgashi.com\/de\/wp-content\/uploads\/sites\/2\/2026\/04\/wedding3-fotoshooting-06.jpg\" class=\"attachment-full size-full wp-image-163\" alt=\"Eine jovielle Ehepaar sitzt in einem Garten-Raum unter einer Pergola und genie\u00dft ihre Hochzeitstermine. Der Mann ist im Hut mit der Frau unterhalb des Tisches angesehen, beide sind gl\u00fccklich und ihr Z\" srcset=\"https:\/\/www.merylgashi.com\/de\/wp-content\/uploads\/sites\/2\/2026\/04\/wedding3-fotoshooting-06.jpg 1067w, https:\/\/www.merylgashi.com\/de\/wp-content\/uploads\/sites\/2\/2026\/04\/wedding3-fotoshooting-06-200x300.jpg 200w, https:\/\/www.merylgashi.com\/de\/wp-content\/uploads\/sites\/2\/2026\/04\/wedding3-fotoshooting-06-683x1024.jpg 683w, https:\/\/www.merylgashi.com\/de\/wp-content\/uploads\/sites\/2\/2026\/04\/wedding3-fotoshooting-06-768x1152.jpg 768w, https:\/\/www.merylgashi.com\/de\/wp-content\/uploads\/sites\/2\/2026\/04\/wedding3-fotoshooting-06-1024x1536.jpg 1024w\" sizes=\"(max-width: 1067px) 100vw, 1067px\" \/>\t\t\t\t\t\t\t\t\t\t\t\t\t\t\t<\/div>\n\t\t\t\t<div class=\"elementor-element elementor-element-30bd113e elementor-widget elementor-widget-theme-post-title elementor-page-title elementor-widget-heading\" data-id=\"30bd113e\" data-element_type=\"widget\" data-e-type=\"widget\" data-widget_type=\"theme-post-title.default\">\n\t\t\t\t\t<h1 class=\"elementor-heading-title elementor-size-default\">C &#038; M<\/h1>\t\t\t\t<\/div>\n\t\t\t\t\t<\/div>\n\t\t\t\t<\/a>\n\t\t\t\t<\/div>\n\t\t\t\t<div data-elementor-type=\"loop-item\" data-elementor-id=\"20\" class=\"elementor elementor-20 e-loop-item e-loop-item-158 post-158 post type-post status-publish format-standard has-post-thumbnail hentry category-hochzeitsreportagen\" data-elementor-post-type=\"elementor_library\" data-custom-edit-handle=\"1\">\n\t\t\t<a class=\"elementor-element elementor-element-3ad8cf8a e-transform e-flex e-con-boxed e-con e-parent\" data-id=\"3ad8cf8a\" data-element_type=\"container\" data-e-type=\"container\" data-settings=\"{&quot;_transform_scale_effect_hover&quot;:{&quot;unit&quot;:&quot;px&quot;,&quot;size&quot;:1.03,&quot;sizes&quot;:[]},&quot;_transform_scale_effect_hover_tablet&quot;:{&quot;unit&quot;:&quot;px&quot;,&quot;size&quot;:&quot;&quot;,&quot;sizes&quot;:[]},&quot;_transform_scale_effect_hover_mobile&quot;:{&quot;unit&quot;:&quot;px&quot;,&quot;size&quot;:&quot;&quot;,&quot;sizes&quot;:[]}}\" href=\"https:\/\/www.merylgashi.com\/de\/jk\/\">\n\t\t\t\t\t<div class=\"e-con-inner\">\n\t\t\t\t<div class=\"elementor-element elementor-element-340ca7e3 elementor-widget elementor-widget-theme-post-featured-image elementor-widget-image\" data-id=\"340ca7e3\" data-element_type=\"widget\" data-e-type=\"widget\" data-widget_type=\"theme-post-featured-image.default\">\n\t\t\t\t\t\t\t\t\t\t\t\t\t\t\t<img decoding=\"async\" width=\"1600\" height=\"1067\" src=\"https:\/\/www.merylgashi.com\/de\/wp-content\/uploads\/sites\/2\/2026\/04\/wedding2-fotoshooting-03.jpg\" class=\"attachment-full size-full wp-image-161\" alt=\"Zwei junge Menschen stehen auf einem H\u00fcgel und k\u00fcssen sich, w\u00e4hrend sie sich \u00fcbersehe. Der Mann tr\u00e4gt eine Tuxedo und die Frau eine elegant wei\u00df-blaue Hochzeitsgarderobe.\" srcset=\"https:\/\/www.merylgashi.com\/de\/wp-content\/uploads\/sites\/2\/2026\/04\/wedding2-fotoshooting-03.jpg 1600w, https:\/\/www.merylgashi.com\/de\/wp-content\/uploads\/sites\/2\/2026\/04\/wedding2-fotoshooting-03-300x200.jpg 300w, https:\/\/www.merylgashi.com\/de\/wp-content\/uploads\/sites\/2\/2026\/04\/wedding2-fotoshooting-03-1024x683.jpg 1024w, https:\/\/www.merylgashi.com\/de\/wp-content\/uploads\/sites\/2\/2026\/04\/wedding2-fotoshooting-03-768x512.jpg 768w, https:\/\/www.merylgashi.com\/de\/wp-content\/uploads\/sites\/2\/2026\/04\/wedding2-fotoshooting-03-1536x1024.jpg 1536w\" sizes=\"(max-width: 1600px) 100vw, 1600px\" \/>\t\t\t\t\t\t\t\t\t\t\t\t\t\t\t<\/div>\n\t\t\t\t<div class=\"elementor-element elementor-element-30bd113e elementor-widget elementor-widget-theme-post-title elementor-page-title elementor-widget-heading\" data-id=\"30bd113e\" data-element_type=\"widget\" data-e-type=\"widget\" data-widget_type=\"theme-post-title.default\">\n\t\t\t\t\t<h1 class=\"elementor-heading-title elementor-size-default\">J &#038; K<\/h1>\t\t\t\t<\/div>\n\t\t\t\t\t<\/div>\n\t\t\t\t<\/a>\n\t\t\t\t<\/div>\n\t\t\t\t<div data-elementor-type=\"loop-item\" data-elementor-id=\"20\" class=\"elementor elementor-20 e-loop-item e-loop-item-159 post-159 post type-post status-publish format-standard has-post-thumbnail hentry category-hochzeitsreportagen\" data-elementor-post-type=\"elementor_library\" data-custom-edit-handle=\"1\">\n\t\t\t<a class=\"elementor-element elementor-element-3ad8cf8a e-transform e-flex e-con-boxed e-con e-parent\" data-id=\"3ad8cf8a\" data-element_type=\"container\" data-e-type=\"container\" data-settings=\"{&quot;_transform_scale_effect_hover&quot;:{&quot;unit&quot;:&quot;px&quot;,&quot;size&quot;:1.03,&quot;sizes&quot;:[]},&quot;_transform_scale_effect_hover_tablet&quot;:{&quot;unit&quot;:&quot;px&quot;,&quot;size&quot;:&quot;&quot;,&quot;sizes&quot;:[]},&quot;_transform_scale_effect_hover_mobile&quot;:{&quot;unit&quot;:&quot;px&quot;,&quot;size&quot;:&quot;&quot;,&quot;sizes&quot;:[]}}\" href=\"https:\/\/www.merylgashi.com\/de\/k-t\/\">\n\t\t\t\t\t<div class=\"e-con-inner\">\n\t\t\t\t<div class=\"elementor-element elementor-element-340ca7e3 elementor-widget elementor-widget-theme-post-featured-image elementor-widget-image\" data-id=\"340ca7e3\" data-element_type=\"widget\" data-e-type=\"widget\" data-widget_type=\"theme-post-featured-image.default\">\n\t\t\t\t\t\t\t\t\t\t\t\t\t\t\t<img decoding=\"async\" width=\"1280\" height=\"1920\" src=\"https:\/\/www.merylgashi.com\/de\/wp-content\/uploads\/sites\/2\/2026\/04\/wedding1-fotoshooting-02.jpg\" class=\"attachment-full size-full wp-image-160\" alt=\"Wedding1 Fotoshooting: Bride mit Hochzeitskleid, Schuhen und Ring in einer Eifelbeutte im Hintergrund, Stimmung der Szene ist Liebe und Romantik.\" srcset=\"https:\/\/www.merylgashi.com\/de\/wp-content\/uploads\/sites\/2\/2026\/04\/wedding1-fotoshooting-02.jpg 1280w, https:\/\/www.merylgashi.com\/de\/wp-content\/uploads\/sites\/2\/2026\/04\/wedding1-fotoshooting-02-200x300.jpg 200w, https:\/\/www.merylgashi.com\/de\/wp-content\/uploads\/sites\/2\/2026\/04\/wedding1-fotoshooting-02-683x1024.jpg 683w, https:\/\/www.merylgashi.com\/de\/wp-content\/uploads\/sites\/2\/2026\/04\/wedding1-fotoshooting-02-768x1152.jpg 768w, https:\/\/www.merylgashi.com\/de\/wp-content\/uploads\/sites\/2\/2026\/04\/wedding1-fotoshooting-02-1024x1536.jpg 1024w\" sizes=\"(max-width: 1280px) 100vw, 1280px\" \/>\t\t\t\t\t\t\t\t\t\t\t\t\t\t\t<\/div>\n\t\t\t\t<div class=\"elementor-element elementor-element-30bd113e elementor-widget elementor-widget-theme-post-title elementor-page-title elementor-widget-heading\" data-id=\"30bd113e\" data-element_type=\"widget\" data-e-type=\"widget\" data-widget_type=\"theme-post-title.default\">\n\t\t\t\t\t<h1 class=\"elementor-heading-title elementor-size-default\">K &#038; T<\/h1>\t\t\t\t<\/div>\n\t\t\t\t\t<\/div>\n\t\t\t\t<\/a>\n\t\t\t\t<\/div>\n\t\t\t\t<div data-elementor-type=\"loop-item\" data-elementor-id=\"20\" class=\"elementor elementor-20 e-loop-item e-loop-item-156 post-156 post type-post status-publish format-standard has-post-thumbnail hentry category-hochzeitsreportagen\" data-elementor-post-type=\"elementor_library\" data-custom-edit-handle=\"1\">\n\t\t\t<a class=\"elementor-element elementor-element-3ad8cf8a e-transform e-flex e-con-boxed e-con e-parent\" data-id=\"3ad8cf8a\" data-element_type=\"container\" data-e-type=\"container\" data-settings=\"{&quot;_transform_scale_effect_hover&quot;:{&quot;unit&quot;:&quot;px&quot;,&quot;size&quot;:1.03,&quot;sizes&quot;:[]},&quot;_transform_scale_effect_hover_tablet&quot;:{&quot;unit&quot;:&quot;px&quot;,&quot;size&quot;:&quot;&quot;,&quot;sizes&quot;:[]},&quot;_transform_scale_effect_hover_mobile&quot;:{&quot;unit&quot;:&quot;px&quot;,&quot;size&quot;:&quot;&quot;,&quot;sizes&quot;:[]}}\" href=\"https:\/\/www.merylgashi.com\/de\/s-o\/\">\n\t\t\t\t\t<div class=\"e-con-inner\">\n\t\t\t\t<div class=\"elementor-element elementor-element-340ca7e3 elementor-widget elementor-widget-theme-post-featured-image elementor-widget-image\" data-id=\"340ca7e3\" data-element_type=\"widget\" data-e-type=\"widget\" data-widget_type=\"theme-post-featured-image.default\">\n\t\t\t\t\t\t\t\t\t\t\t\t\t\t\t<img loading=\"lazy\" decoding=\"async\" width=\"779\" height=\"716\" src=\"https:\/\/www.merylgashi.com\/de\/wp-content\/uploads\/sites\/2\/2026\/04\/Emotionaler-Ringtausch-bei-der-freien-Trauung-e1777041611104.png\" class=\"attachment-full size-full wp-image-157\" alt=\"Ein stimmungsvolles Schwarz-Wei\u00df-Foto, das den Moment des Ringtauschs w\u00e4hrend einer Hochzeitszeremonie im Freien einf\u00e4ngt. Der Br\u00e4utigam in einem hellen Anzug steckt der freudig l\u00e4chelnden Braut den Ehering an den Finger. Die Braut tr\u00e4gt ein romantisches Hochzeitskleid mit auff\u00e4lligen, schulterfreien und volumin\u00f6sen T\u00fcll\u00e4rmeln, die mit feinen Blattmustern bestickt sind, sowie einen langen Schleier. Im Hintergrund stehen gl\u00fcckliche Hochzeitsg\u00e4ste und Trauzeugen, die das Paar mit einem L\u00e4cheln beobachten. Dahinter ist eine sanfte Berglandschaft unter einem leicht bew\u00f6lkten Himmel zu erkennen.\" srcset=\"https:\/\/www.merylgashi.com\/de\/wp-content\/uploads\/sites\/2\/2026\/04\/Emotionaler-Ringtausch-bei-der-freien-Trauung-e1777041611104.png 779w, https:\/\/www.merylgashi.com\/de\/wp-content\/uploads\/sites\/2\/2026\/04\/Emotionaler-Ringtausch-bei-der-freien-Trauung-e1777041611104-300x276.png 300w, https:\/\/www.merylgashi.com\/de\/wp-content\/uploads\/sites\/2\/2026\/04\/Emotionaler-Ringtausch-bei-der-freien-Trauung-e1777041611104-768x706.png 768w\" sizes=\"(max-width: 779px) 100vw, 779px\" \/>\t\t\t\t\t\t\t\t\t\t\t\t\t\t\t<\/div>\n\t\t\t\t<div class=\"elementor-element elementor-element-30bd113e elementor-widget elementor-widget-theme-post-title elementor-page-title elementor-widget-heading\" data-id=\"30bd113e\" data-element_type=\"widget\" data-e-type=\"widget\" data-widget_type=\"theme-post-title.default\">\n\t\t\t\t\t<h1 class=\"elementor-heading-title elementor-size-default\">S &#038; O<\/h1>\t\t\t\t<\/div>\n\t\t\t\t\t<\/div>\n\t\t\t\t<\/a>\n\t\t\t\t<\/div>\n\t\t\t\t<\/div>\n\t\t\n\t\t\t\t\t\t<\/div>\n\t\t\t\t<\/div>\n\t\t\t\t\t<\/div>\n\t\t\t\t<\/div>\n\t\t<div class=\"elementor-element elementor-element-48461e1b e-con-full e-flex e-con e-parent\" data-id=\"48461e1b\" data-element_type=\"container\" data-e-type=\"container\">\n\t\t\t\t<div class=\"elementor-element elementor-element-3289e1e5 elementor-widget elementor-widget-template\" data-id=\"3289e1e5\" data-element_type=\"widget\" data-e-type=\"widget\" data-widget_type=\"template.default\">\n\t\t\t\t<div class=\"elementor-widget-container\">\n\t\t\t\t\t\t\t<div class=\"elementor-template\">\n\t\t\t\t\t<div data-elementor-type=\"section\" data-elementor-id=\"14\" class=\"elementor elementor-14\" data-elementor-post-type=\"elementor_library\">\n\t\t\t<div class=\"elementor-element elementor-element-7ec62d3e e-flex e-con-boxed e-con e-parent\" data-id=\"7ec62d3e\" data-element_type=\"container\" data-e-type=\"container\" data-settings=\"{&quot;background_background&quot;:&quot;classic&quot;}\">\n\t\t\t\t\t<div class=\"e-con-inner\">\n\t\t\t\t<div class=\"elementor-element elementor-element-5bb5f180 elementor-widget elementor-widget-heading\" data-id=\"5bb5f180\" data-element_type=\"widget\" data-e-type=\"widget\" data-widget_type=\"heading.default\">\n\t\t\t\t\t<h2 class=\"elementor-heading-title elementor-size-default\">Hochzeitsreportagen<\/h2>\t\t\t\t<\/div>\n\t\t\t\t<div class=\"elementor-element elementor-element-711305ba elementor-widget-divider--view-line elementor-invisible elementor-widget elementor-widget-divider\" data-id=\"711305ba\" data-element_type=\"widget\" data-e-type=\"widget\" data-settings=\"{&quot;_animation&quot;:&quot;zoomIn&quot;}\" data-widget_type=\"divider.default\">\n\t\t\t\t\t\t\t<div class=\"elementor-divider\">\n\t\t\t<span class=\"elementor-divider-separator\">\n\t\t\t\t\t\t<\/span>\n\t\t<\/div>\n\t\t\t\t\t\t<\/div>\n\t\t\t\t<div class=\"elementor-element elementor-element-76b843f9 elementor-invisible elementor-widget elementor-widget-heading\" data-id=\"76b843f9\" data-element_type=\"widget\" data-e-type=\"widget\" data-settings=\"{&quot;_animation&quot;:&quot;fadeInUp&quot;}\" data-widget_type=\"heading.default\">\n\t\t\t\t\t<h2 class=\"elementor-heading-title elementor-size-default\">Bilder, die eure Geschichte auch in<br>zwanzig Jahren noch erz\u00e4hlen.<\/h2>\t\t\t\t<\/div>\n\t\t\t\t<div class=\"elementor-element elementor-element-7353dc06 elementor-widget elementor-widget-spacer\" data-id=\"7353dc06\" data-element_type=\"widget\" data-e-type=\"widget\" data-widget_type=\"spacer.default\">\n\t\t\t\t\t\t\t<div class=\"elementor-spacer\">\n\t\t\t<div class=\"elementor-spacer-inner\"><\/div>\n\t\t<\/div>\n\t\t\t\t\t\t<\/div>\n\t\t\t\t<div class=\"elementor-element elementor-element-2171b546 elementor-invisible elementor-widget elementor-widget-heading\" data-id=\"2171b546\" data-element_type=\"widget\" data-e-type=\"widget\" data-settings=\"{&quot;_animation&quot;:&quot;fadeInUp&quot;}\" data-widget_type=\"heading.default\">\n\t\t\t\t\t<h2 class=\"elementor-heading-title elementor-size-default\">Von der intimen Zeremonie bis hin zur gro\u00dfen Destination Wedding \u2013 jede Anfrage wird individuell und pers\u00f6nlich besprochen.<\/h2>\t\t\t\t<\/div>\n\t\t\t\t<div class=\"elementor-element elementor-element-3ce566d4 elementor-invisible elementor-widget elementor-widget-heading\" data-id=\"3ce566d4\" data-element_type=\"widget\" data-e-type=\"widget\" data-settings=\"{&quot;_animation&quot;:&quot;fadeInUp&quot;}\" data-widget_type=\"heading.default\">\n\t\t\t\t\t<h2 class=\"elementor-heading-title elementor-size-default\">Hochzeitsalbum \u00b7 Slideshow \u00b7 Pre-Wedding-Shooting \u00b7 Film<\/h2>\t\t\t\t<\/div>\n\t\t\t\t<div class=\"elementor-element elementor-element-41a98844 elementor-widget elementor-widget-spacer\" data-id=\"41a98844\" data-element_type=\"widget\" data-e-type=\"widget\" data-widget_type=\"spacer.default\">\n\t\t\t\t\t\t\t<div class=\"elementor-spacer\">\n\t\t\t<div class=\"elementor-spacer-inner\"><\/div>\n\t\t<\/div>\n\t\t\t\t\t\t<\/div>\n\t\t\t\t<div class=\"elementor-element elementor-element-33c68456 elementor-align-center elementor-invisible elementor-widget elementor-widget-button\" data-id=\"33c68456\" data-element_type=\"widget\" data-e-type=\"widget\" data-settings=\"{&quot;_animation&quot;:&quot;fadeInUp&quot;}\" data-widget_type=\"button.default\">\n\t\t\t\t\t\t\t\t\t\t<a class=\"elementor-button elementor-button-link elementor-size-sm\" href=\"https:\/\/www.merylgashi.com\/de\/kontakt#form\">\n\t\t\t\t\t\t<span class=\"elementor-button-content-wrapper\">\n\t\t\t\t\t\t\t\t\t<span class=\"elementor-button-text\">JETZT ANFRAGEN<\/span>\n\t\t\t\t\t<\/span>\n\t\t\t\t\t<\/a>\n\t\t\t\t\t\t\t\t<\/div>\n\t\t\t\t\t<\/div>\n\t\t\t\t<\/div>\n\t\t\t\t<\/div>\n\t\t\t\t<\/div>\n\t\t\t\t\t\t<\/div>\n\t\t\t\t<\/div>\n\t\t\t\t<\/div>\n\t\t\t\t<\/div>\n\t\t","protected":false},"excerpt":{"rendered":"<p>Jede Hochzeit erz\u00e4hlt eine ganz eigene Geschichte. Mit einem Blick f\u00fcr zeitlose Eleganz und authentische Emotionen halte ich die sch\u00f6nsten Momente eures besonderen Tages fest \u2013 von intimen Elopements in den Schweizer Alpen bis hin zu luxuri\u00f6sen Destination Weddings an der Amalfik\u00fcste.<\/p>\n","protected":false},"author":1,"featured_media":59,"parent":0,"menu_order":0,"comment_status":"closed","ping_status":"closed","template":"","meta":{"_agency_seo_focus_keyword":"Hochzeit","_agency_seo_title":"Hochzeitsreportagen & Destination Weddings | Meryl Gashi","_agency_seo_description":"Entdeckt zeitlose Hochzeitsreportagen. Von intimen Elopements in den Schweizer Alpen bis zu Destination Weddings \u2013 ich erz\u00e4hle eure einzigartige Geschichte.","_agency_seo_og_image_id":0,"_agency_seo_noindex":false,"footnotes":""},"class_list":["post-56","page","type-page","status-publish","has-post-thumbnail","hentry"],"_links":{"self":[{"href":"https:\/\/www.merylgashi.com\/de\/wp-json\/wp\/v2\/pages\/56","targetHints":{"allow":["GET"]}}],"collection":[{"href":"https:\/\/www.merylgashi.com\/de\/wp-json\/wp\/v2\/pages"}],"about":[{"href":"https:\/\/www.merylgashi.com\/de\/wp-json\/wp\/v2\/types\/page"}],"author":[{"embeddable":true,"href":"https:\/\/www.merylgashi.com\/de\/wp-json\/wp\/v2\/users\/1"}],"replies":[{"embeddable":true,"href":"https:\/\/www.merylgashi.com\/de\/wp-json\/wp\/v2\/comments?post=56"}],"version-history":[{"count":5,"href":"https:\/\/www.merylgashi.com\/de\/wp-json\/wp\/v2\/pages\/56\/revisions"}],"predecessor-version":[{"id":285,"href":"https:\/\/www.merylgashi.com\/de\/wp-json\/wp\/v2\/pages\/56\/revisions\/285"}],"wp:featuredmedia":[{"embeddable":true,"href":"https:\/\/www.merylgashi.com\/de\/wp-json\/wp\/v2\/media\/59"}],"wp:attachment":[{"href":"https:\/\/www.merylgashi.com\/de\/wp-json\/wp\/v2\/media?parent=56"}],"curies":[{"name":"wp","href":"https:\/\/api.w.org\/{rel}","templated":true}]}}